{"id":245,"date":"2025-10-23T20:48:45","date_gmt":"2025-10-23T20:48:45","guid":{"rendered":"https:\/\/elenanitofermin.com\/?post_type=product&#038;p=245"},"modified":"2025-10-23T20:48:53","modified_gmt":"2025-10-23T20:48:53","slug":"fermin-y-el-agua","status":"publish","type":"product","link":"https:\/\/elenanitofermin.com\/index.php\/producto\/fermin-y-el-agua\/","title":{"rendered":"FERMIN Y EL AGUA"},"content":{"rendered":"<p>Libro personalizado con el nombre que elijas<br \/>\nTama\u00f1o del libro: 21&#215;29,7<br \/>\nEncuadernaci\u00f3n: R\u00fastica<br \/>\nN\u00famero de p\u00e1ginas: 36<br \/>\nAutor:Joseba de Echarri<br \/>\nIlustraciones: C\u00e9sar Oroz<br \/>\nDise\u00f1o y maquetaci\u00f3n: Algas Comunicaci\u00f3n<\/p>\n","protected":false},"excerpt":{"rendered":"<p>Las aventuras del Enanito Ferm\u00edn en un planeta en apuros es una colecci\u00f3n sobre consumo responsable, igualdad entre g\u00e9neros, ecolog\u00eda y consejos destinado a los m\u00e1s peque\u00f1os de la casa. De la mano del dibujante C\u00e9sar Oroz y la pluma de Joseba de Echarri iremos descubriendo consejos y pautas para aprender a consumir con responsabilidad.<\/p>\n<p>En este primer tomo se trata del problema del agua de una manera divertida y \u00fatil, para que aprendamos a cuidar de un elemento esencial para la vida, necesario y fundamental, que hay que valorar, ahorrar y cuidar.<\/p>\n","protected":false},"featured_media":65,"comment_status":"open","ping_status":"closed","template":"","meta":[],"product_brand":[],"product_cat":[22],"product_tag":[],"class_list":{"0":"post-245","1":"product","2":"type-product","3":"status-publish","4":"has-post-thumbnail","6":"product_cat-libro-castellano","8":"first","9":"instock","10":"taxable","11":"shipping-taxable","12":"purchasable","13":"product-type-simple"},"_links":{"self":[{"href":"https:\/\/elenanitofermin.com\/index.php\/wp-json\/wp\/v2\/product\/245","targetHints":{"allow":["GET"]}}],"collection":[{"href":"https:\/\/elenanitofermin.com\/index.php\/wp-json\/wp\/v2\/product"}],"about":[{"href":"https:\/\/elenanitofermin.com\/index.php\/wp-json\/wp\/v2\/types\/product"}],"replies":[{"embeddable":true,"href":"https:\/\/elenanitofermin.com\/index.php\/wp-json\/wp\/v2\/comments?post=245"}],"wp:featuredmedia":[{"embeddable":true,"href":"https:\/\/elenanitofermin.com\/index.php\/wp-json\/wp\/v2\/media\/65"}],"wp:attachment":[{"href":"https:\/\/elenanitofermin.com\/index.php\/wp-json\/wp\/v2\/media?parent=245"}],"wp:term":[{"taxonomy":"product_brand","embeddable":true,"href":"https:\/\/elenanitofermin.com\/index.php\/wp-json\/wp\/v2\/product_brand?post=245"},{"taxonomy":"product_cat","embeddable":true,"href":"https:\/\/elenanitofermin.com\/index.php\/wp-json\/wp\/v2\/product_cat?post=245"},{"taxonomy":"product_tag","embeddable":true,"href":"https:\/\/elenanitofermin.com\/index.php\/wp-json\/wp\/v2\/product_tag?post=245"}],"curies":[{"name":"wp","href":"https:\/\/api.w.org\/{rel}","templated":true}]}}