{"id":242,"date":"2025-10-23T20:45:24","date_gmt":"2025-10-23T20:45:24","guid":{"rendered":"https:\/\/elenanitofermin.com\/?post_type=product&#038;p=242"},"modified":"2025-10-23T20:45:25","modified_gmt":"2025-10-23T20:45:25","slug":"fermin-las-ninas-y-los-ninos","status":"publish","type":"product","link":"https:\/\/elenanitofermin.com\/index.php\/producto\/fermin-las-ninas-y-los-ninos\/","title":{"rendered":"FERMIN LAS NI\u00d1AS Y LOS NI\u00d1OS"},"content":{"rendered":"<p>Libro personalizado con el nombre que elijas<br \/>\nTama\u00f1o del libro: 21&#215;29,7<br \/>\nEncuadernaci\u00f3n: R\u00fastica<br \/>\nN\u00famero de p\u00e1ginas: 36<br \/>\nAutor:Joseba de Echarri<br \/>\nIlustraciones: C\u00e9sar Oroz<br \/>\nDise\u00f1o y maquetaci\u00f3n: Algas Comunicaci\u00f3n<\/p>\n","protected":false},"excerpt":{"rendered":"<p>Las aventuras del Enanito Ferm\u00edn en un planeta en apuros es una colecci\u00f3n sobre consumo responsable, igualdad entre g\u00e9neros, ecolog\u00eda y consejos destinado a los m\u00e1s peque\u00f1os de la casa. De la mano del dibujante C\u00e9sar Oroz y la pluma de Joseba de Echarri iremos descubriendo consejos y pautas para aprender a consumir con responsabilidad.<\/p>\n<p>En este segundo tomo se trata de la igualdad entre ni\u00f1as y ni\u00f1os. Ante la preocupante realidad que indica un retroceso en los valores de igualdad de g\u00e9nero Ferm\u00edn y Joseba muestran a ni\u00f1os y ni\u00f1as una realidad: que todos somos iguales.<\/p>\n","protected":false},"featured_media":78,"comment_status":"open","ping_status":"closed","template":"","meta":[],"product_brand":[],"product_cat":[22],"product_tag":[],"class_list":{"0":"post-242","1":"product","2":"type-product","3":"status-publish","4":"has-post-thumbnail","6":"product_cat-libro-castellano","8":"first","9":"instock","10":"taxable","11":"shipping-taxable","12":"purchasable","13":"product-type-simple"},"_links":{"self":[{"href":"https:\/\/elenanitofermin.com\/index.php\/wp-json\/wp\/v2\/product\/242","targetHints":{"allow":["GET"]}}],"collection":[{"href":"https:\/\/elenanitofermin.com\/index.php\/wp-json\/wp\/v2\/product"}],"about":[{"href":"https:\/\/elenanitofermin.com\/index.php\/wp-json\/wp\/v2\/types\/product"}],"replies":[{"embeddable":true,"href":"https:\/\/elenanitofermin.com\/index.php\/wp-json\/wp\/v2\/comments?post=242"}],"wp:featuredmedia":[{"embeddable":true,"href":"https:\/\/elenanitofermin.com\/index.php\/wp-json\/wp\/v2\/media\/78"}],"wp:attachment":[{"href":"https:\/\/elenanitofermin.com\/index.php\/wp-json\/wp\/v2\/media?parent=242"}],"wp:term":[{"taxonomy":"product_brand","embeddable":true,"href":"https:\/\/elenanitofermin.com\/index.php\/wp-json\/wp\/v2\/product_brand?post=242"},{"taxonomy":"product_cat","embeddable":true,"href":"https:\/\/elenanitofermin.com\/index.php\/wp-json\/wp\/v2\/product_cat?post=242"},{"taxonomy":"product_tag","embeddable":true,"href":"https:\/\/elenanitofermin.com\/index.php\/wp-json\/wp\/v2\/product_tag?post=242"}],"curies":[{"name":"wp","href":"https:\/\/api.w.org\/{rel}","templated":true}]}}