{"id":238,"date":"2025-10-23T20:41:00","date_gmt":"2025-10-23T20:41:00","guid":{"rendered":"https:\/\/elenanitofermin.com\/?post_type=product&#038;p=238"},"modified":"2025-10-23T20:47:51","modified_gmt":"2025-10-23T20:47:51","slug":"fermin-eta-neska-mutilak","status":"publish","type":"product","link":"https:\/\/elenanitofermin.com\/index.php\/producto\/fermin-eta-neska-mutilak\/","title":{"rendered":"FERMIN ETA NESKA-MUTILAK"},"content":{"rendered":"<p>Libro personalizado con el nombre que elijas<br \/>\nTama\u00f1o del libro: 21&#215;29,7<br \/>\nEncuadernaci\u00f3n: R\u00fastica<br \/>\nN\u00famero de p\u00e1ginas: 36<br \/>\nAutor:Joseba de Echarri<br \/>\nIlustraciones: C\u00e9sar Oroz<br \/>\nDise\u00f1o y maquetaci\u00f3n: Algas Comunicaci\u00f3n<\/p>\n","protected":false},"excerpt":{"rendered":"<p>Fermin Ipotxaren abenturak estu dabilen planeta batean kontsumo arduratsua, generoen arteko berdintasuna, ekologia eta aholkuei buruzko bilduma da, etxeko txikienentzat. Cesar Oroz marrazkigilearen eskuek eta Joseba de Echarriren lumak arduraz kontsumitzeko aholkuak eta jarraibideak erakutsiko dizkigute.<\/p>\n<p>Bigarren liburuki honetan neskato eta mutikoen arteko berdintasuna lantzen da. Berdintasun baloreetan atzeraldia erakusten duen errealitate kezkagarriaren aurrean, Ferminek eta Josebak haurrei errealitate bat erakutsiko diete: guztiok berdinak garela.<\/p>\n","protected":false},"featured_media":79,"comment_status":"open","ping_status":"closed","template":"","meta":[],"product_brand":[],"product_cat":[23],"product_tag":[],"class_list":{"0":"post-238","1":"product","2":"type-product","3":"status-publish","4":"has-post-thumbnail","6":"product_cat-libro-euskera","8":"first","9":"instock","10":"taxable","11":"shipping-taxable","12":"purchasable","13":"product-type-simple"},"_links":{"self":[{"href":"https:\/\/elenanitofermin.com\/index.php\/wp-json\/wp\/v2\/product\/238","targetHints":{"allow":["GET"]}}],"collection":[{"href":"https:\/\/elenanitofermin.com\/index.php\/wp-json\/wp\/v2\/product"}],"about":[{"href":"https:\/\/elenanitofermin.com\/index.php\/wp-json\/wp\/v2\/types\/product"}],"replies":[{"embeddable":true,"href":"https:\/\/elenanitofermin.com\/index.php\/wp-json\/wp\/v2\/comments?post=238"}],"wp:featuredmedia":[{"embeddable":true,"href":"https:\/\/elenanitofermin.com\/index.php\/wp-json\/wp\/v2\/media\/79"}],"wp:attachment":[{"href":"https:\/\/elenanitofermin.com\/index.php\/wp-json\/wp\/v2\/media?parent=238"}],"wp:term":[{"taxonomy":"product_brand","embeddable":true,"href":"https:\/\/elenanitofermin.com\/index.php\/wp-json\/wp\/v2\/product_brand?post=238"},{"taxonomy":"product_cat","embeddable":true,"href":"https:\/\/elenanitofermin.com\/index.php\/wp-json\/wp\/v2\/product_cat?post=238"},{"taxonomy":"product_tag","embeddable":true,"href":"https:\/\/elenanitofermin.com\/index.php\/wp-json\/wp\/v2\/product_tag?post=238"}],"curies":[{"name":"wp","href":"https:\/\/api.w.org\/{rel}","templated":true}]}}